{"id":35,"date":"2024-09-04T14:02:45","date_gmt":"2024-09-04T12:02:45","guid":{"rendered":"https:\/\/www.g-c-s.com\/?page_id=35"},"modified":"2025-12-09T18:14:17","modified_gmt":"2025-12-09T17:14:17","slug":"impressum","status":"publish","type":"page","link":"https:\/\/www.g-c-s.com\/de\/impressum\/","title":{"rendered":"Impressum"},"content":{"rendered":"\n<h2 class=\"wp-block-heading\">Impressum<\/h2>\n\n\n<style>.wp-block-kadence-advancedheading.kt-adv-heading35_f7eb5b-5d, .wp-block-kadence-advancedheading.kt-adv-heading35_f7eb5b-5d[data-kb-block=\"kb-adv-heading35_f7eb5b-5d\"]{font-style:normal;}.wp-block-kadence-advancedheading.kt-adv-heading35_f7eb5b-5d mark.kt-highlight, .wp-block-kadence-advancedheading.kt-adv-heading35_f7eb5b-5d[data-kb-block=\"kb-adv-heading35_f7eb5b-5d\"] mark.kt-highlight{font-style:normal;color:#f76a0c;-webkit-box-decoration-break:clone;box-decoration-break:clone;padding-top:0px;padding-right:0px;padding-bottom:0px;padding-left:0px;}.wp-block-kadence-advancedheading.kt-adv-heading35_f7eb5b-5d img.kb-inline-image, .wp-block-kadence-advancedheading.kt-adv-heading35_f7eb5b-5d[data-kb-block=\"kb-adv-heading35_f7eb5b-5d\"] img.kb-inline-image{width:150px;vertical-align:baseline;}<\/style>\n<p class=\"kt-adv-heading35_f7eb5b-5d wp-block-kadence-advancedheading\" data-kb-block=\"kb-adv-heading35_f7eb5b-5d\">Die Webseite www.g-c-s.com\u202fwird Ihnen zur Verf\u00fcgung gestellt von der Grid Connect Solutions GmbH.<\/p>\n\n\n\n<p><strong>Ausrichtung und Unternehmensgegenstand des Unternehmens:<\/strong>\u00a0<br>Die gegenst\u00e4ndliche Webseite dient der Bewerbung der Leistungen der Grid Connect Solutions GmbH. Gegenstand des Unternehmens ist das Anbieten von Dienstleistungen im Bereich der Elektrotechnik.<br><br><strong>Herausgeber und Medieninhaber:<\/strong>\u00a0<br>Grid Connect Solutions GmbH<br><br><strong>Sitz des Medieninhabers:<\/strong>\u00a0<br>Grid Connect Solutions GmbH\u00a0<br>Frischeisstra\u00dfe\u00a013<br>4490 St. Florian\u00a0<br>\u00d6sterreich<br><br><strong>Sitz des Unternehmens:<\/strong>\u00a0<br>Grid Connect Solutions GmbH\u00a0<br>Frischeisstra\u00dfe\u00a013<br>4490 St. Florian\u00a0\u00a0<br>\u00d6sterreich\u00a0<br><br><strong>Gesch\u00e4ftsf\u00fchrung:<\/strong>\u00a0<br>Stefan Eder, Christoph Panhuber\u00a0<br><strong>Aufsichtsbeh\u00f6rde<\/strong>: Bezirkshauptmannschaft Linz-Land\u00a0<br><strong>Kammerzugeh\u00f6rigkeit:<\/strong>\u202fWirtschaftskammer Ober\u00f6sterreich\u00a0<br><strong>Berufsrecht<\/strong>: Gewerbeordnung; relevante Gesetze sind in der jeweils geltenden Fassung im Rechtsinformationssystem des Bundes\u202f<a href=\"http:\/\/ris.bka.gv.at\/\" target=\"_blank\" rel=\"noreferrer noopener\">http:\/\/ris.bka.gv.at<\/a>\u202fkostenlos abrufbar\u00a0<br><strong>Kontakt:<\/strong>\u00a0E-Mail:\u202f<a href=\"mailto:office@g-c-s.com\" target=\"_blank\" rel=\"noreferrer noopener\">office@g-c-s.com<\/a><br><br><strong>Firmenbuchnummer und Firmenbuchgericht:<\/strong>\u00a0<br>Firmenbuch Nummer: 630473t\u00a0<br>Firmenbuchgericht: Landesgericht Steyr\u00a0<br>UID: ATU80821817<br><br><strong>Informationen zur Online-Streitbeilegung:<\/strong>\u00a0<br>Die Europ\u00e4ische Kommission stellt eine Plattform f\u00fcr die au\u00dfergerichtliche (Online) Streitbeilegung (OS-Plattform) bereit. Diese Informationen sind in der jeweils aktuellen Version aufrufbar unter\u202f<a href=\"http:\/\/ec.europa.eu\/odr\" target=\"_blank\" rel=\"noreferrer noopener\">http:\/\/ec.europa.eu\/odr<\/a>.\u00a0<\/p>\n\n\n\n<p><strong>Branding, Web-Design &amp; -Development by creative minds agency gmbh<\/strong><br><strong><a href=\"https:\/\/www.creative-minds.com\/\">www.creative-minds.com<\/a><\/strong><\/p>\n","protected":false},"excerpt":{"rendered":"<p>Impressum Die Webseite www.g-c-s.com\u202fwird Ihnen zur Verf\u00fcgung gestellt von der Grid Connect Solutions GmbH. Ausrichtung und Unternehmensgegenstand des Unternehmens:\u00a0Die gegenst\u00e4ndliche Webseite dient der Bewerbung der Leistungen der Grid Connect Solutions GmbH. Gegenstand des Unternehmens ist das Anbieten von Dienstleistungen im Bereich der Elektrotechnik. Herausgeber und Medieninhaber:\u00a0Grid Connect Solutions GmbH Sitz des Medieninhabers:\u00a0Grid Connect Solutions GmbH\u00a0Frischeisstra\u00dfe\u00a0134490&#8230;<\/p>\n","protected":false},"author":1,"featured_media":0,"parent":0,"menu_order":0,"comment_status":"closed","ping_status":"closed","template":"","meta":{"_acf_changed":false,"inline_featured_image":false,"_kad_blocks_custom_css":"","_kad_blocks_head_custom_js":"","_kad_blocks_body_custom_js":"","_kad_blocks_footer_custom_js":"","_kad_post_transparent":"","_kad_post_title":"","_kad_post_layout":"","_kad_post_sidebar_id":"","_kad_post_content_style":"","_kad_post_vertical_padding":"","_kad_post_feature":"","_kad_post_feature_position":"","_kad_post_header":false,"_kad_post_footer":false,"_kad_post_classname":"","footnotes":""},"class_list":["post-35","page","type-page","status-publish","hentry"],"acf":[],"yoast_head":"<!-- This site is optimized with the Yoast SEO plugin v27.4 - https:\/\/yoast.com\/product\/yoast-seo-wordpress\/ -->\n<title>Impressum - g-c-s.com<\/title>\n<meta name=\"robots\" content=\"index, follow, max-snippet:-1, max-image-preview:large, max-video-preview:-1\" \/>\n<link rel=\"canonical\" href=\"https:\/\/www.g-c-s.com\/de\/impressum\/\" \/>\n<meta property=\"og:locale\" content=\"de_DE\" \/>\n<meta property=\"og:type\" content=\"article\" \/>\n<meta property=\"og:title\" content=\"Impressum - g-c-s.com\" \/>\n<meta property=\"og:description\" content=\"Impressum Die Webseite www.g-c-s.com\u202fwird Ihnen zur Verf\u00fcgung gestellt von der Grid Connect Solutions GmbH. Ausrichtung und Unternehmensgegenstand des Unternehmens:\u00a0Die gegenst\u00e4ndliche Webseite dient der Bewerbung der Leistungen der Grid Connect Solutions GmbH. Gegenstand des Unternehmens ist das Anbieten von Dienstleistungen im Bereich der Elektrotechnik. Herausgeber und Medieninhaber:\u00a0Grid Connect Solutions GmbH Sitz des Medieninhabers:\u00a0Grid Connect Solutions GmbH\u00a0Frischeisstra\u00dfe\u00a0134490...\" \/>\n<meta property=\"og:url\" content=\"https:\/\/www.g-c-s.com\/de\/impressum\/\" \/>\n<meta property=\"og:site_name\" content=\"g-c-s.com\" \/>\n<meta property=\"article:modified_time\" content=\"2025-12-09T17:14:17+00:00\" \/>\n<meta name=\"twitter:card\" content=\"summary_large_image\" \/>\n<meta name=\"twitter:label1\" content=\"Gesch\u00e4tzte Lesezeit\" \/>\n\t<meta name=\"twitter:data1\" content=\"1\u00a0Minute\" \/>\n<script type=\"application\/ld+json\" class=\"yoast-schema-graph\">{\"@context\":\"https:\\\/\\\/schema.org\",\"@graph\":[{\"@type\":\"WebPage\",\"@id\":\"https:\\\/\\\/www.g-c-s.com\\\/de\\\/impressum\\\/\",\"url\":\"https:\\\/\\\/www.g-c-s.com\\\/de\\\/impressum\\\/\",\"name\":\"Impressum - g-c-s.com\",\"isPartOf\":{\"@id\":\"https:\\\/\\\/www.g-c-s.com\\\/de\\\/#website\"},\"datePublished\":\"2024-09-04T12:02:45+00:00\",\"dateModified\":\"2025-12-09T17:14:17+00:00\",\"breadcrumb\":{\"@id\":\"https:\\\/\\\/www.g-c-s.com\\\/de\\\/impressum\\\/#breadcrumb\"},\"inLanguage\":\"de\",\"potentialAction\":[{\"@type\":\"ReadAction\",\"target\":[\"https:\\\/\\\/www.g-c-s.com\\\/de\\\/impressum\\\/\"]}]},{\"@type\":\"BreadcrumbList\",\"@id\":\"https:\\\/\\\/www.g-c-s.com\\\/de\\\/impressum\\\/#breadcrumb\",\"itemListElement\":[{\"@type\":\"ListItem\",\"position\":1,\"name\":\"Startseite\",\"item\":\"https:\\\/\\\/www.g-c-s.com\\\/de\\\/\"},{\"@type\":\"ListItem\",\"position\":2,\"name\":\"Impressum\"}]},{\"@type\":\"WebSite\",\"@id\":\"https:\\\/\\\/www.g-c-s.com\\\/de\\\/#website\",\"url\":\"https:\\\/\\\/www.g-c-s.com\\\/de\\\/\",\"name\":\"g-c-s.com\",\"description\":\"\",\"publisher\":{\"@id\":\"https:\\\/\\\/www.g-c-s.com\\\/de\\\/#organization\"},\"potentialAction\":[{\"@type\":\"SearchAction\",\"target\":{\"@type\":\"EntryPoint\",\"urlTemplate\":\"https:\\\/\\\/www.g-c-s.com\\\/de\\\/?s={search_term_string}\"},\"query-input\":{\"@type\":\"PropertyValueSpecification\",\"valueRequired\":true,\"valueName\":\"search_term_string\"}}],\"inLanguage\":\"de\"},{\"@type\":\"Organization\",\"@id\":\"https:\\\/\\\/www.g-c-s.com\\\/de\\\/#organization\",\"name\":\"Grid Connect Solutions\",\"url\":\"https:\\\/\\\/www.g-c-s.com\\\/de\\\/\",\"logo\":{\"@type\":\"ImageObject\",\"inLanguage\":\"de\",\"@id\":\"https:\\\/\\\/www.g-c-s.com\\\/de\\\/#\\\/schema\\\/logo\\\/image\\\/\",\"url\":\"https:\\\/\\\/www.g-c-s.com\\\/wp-content\\\/uploads\\\/2024\\\/08\\\/logo-gcs.svg\",\"contentUrl\":\"https:\\\/\\\/www.g-c-s.com\\\/wp-content\\\/uploads\\\/2024\\\/08\\\/logo-gcs.svg\",\"width\":88,\"height\":27,\"caption\":\"Grid Connect Solutions\"},\"image\":{\"@id\":\"https:\\\/\\\/www.g-c-s.com\\\/de\\\/#\\\/schema\\\/logo\\\/image\\\/\"}}]}<\/script>\n<!-- \/ Yoast SEO plugin. -->","yoast_head_json":{"title":"Impressum - g-c-s.com","robots":{"index":"index","follow":"follow","max-snippet":"max-snippet:-1","max-image-preview":"max-image-preview:large","max-video-preview":"max-video-preview:-1"},"canonical":"https:\/\/www.g-c-s.com\/de\/impressum\/","og_locale":"de_DE","og_type":"article","og_title":"Impressum - g-c-s.com","og_description":"Impressum Die Webseite www.g-c-s.com\u202fwird Ihnen zur Verf\u00fcgung gestellt von der Grid Connect Solutions GmbH. Ausrichtung und Unternehmensgegenstand des Unternehmens:\u00a0Die gegenst\u00e4ndliche Webseite dient der Bewerbung der Leistungen der Grid Connect Solutions GmbH. Gegenstand des Unternehmens ist das Anbieten von Dienstleistungen im Bereich der Elektrotechnik. Herausgeber und Medieninhaber:\u00a0Grid Connect Solutions GmbH Sitz des Medieninhabers:\u00a0Grid Connect Solutions GmbH\u00a0Frischeisstra\u00dfe\u00a0134490...","og_url":"https:\/\/www.g-c-s.com\/de\/impressum\/","og_site_name":"g-c-s.com","article_modified_time":"2025-12-09T17:14:17+00:00","twitter_card":"summary_large_image","twitter_misc":{"Gesch\u00e4tzte Lesezeit":"1\u00a0Minute"},"schema":{"@context":"https:\/\/schema.org","@graph":[{"@type":"WebPage","@id":"https:\/\/www.g-c-s.com\/de\/impressum\/","url":"https:\/\/www.g-c-s.com\/de\/impressum\/","name":"Impressum - g-c-s.com","isPartOf":{"@id":"https:\/\/www.g-c-s.com\/de\/#website"},"datePublished":"2024-09-04T12:02:45+00:00","dateModified":"2025-12-09T17:14:17+00:00","breadcrumb":{"@id":"https:\/\/www.g-c-s.com\/de\/impressum\/#breadcrumb"},"inLanguage":"de","potentialAction":[{"@type":"ReadAction","target":["https:\/\/www.g-c-s.com\/de\/impressum\/"]}]},{"@type":"BreadcrumbList","@id":"https:\/\/www.g-c-s.com\/de\/impressum\/#breadcrumb","itemListElement":[{"@type":"ListItem","position":1,"name":"Startseite","item":"https:\/\/www.g-c-s.com\/de\/"},{"@type":"ListItem","position":2,"name":"Impressum"}]},{"@type":"WebSite","@id":"https:\/\/www.g-c-s.com\/de\/#website","url":"https:\/\/www.g-c-s.com\/de\/","name":"g-c-s.com","description":"","publisher":{"@id":"https:\/\/www.g-c-s.com\/de\/#organization"},"potentialAction":[{"@type":"SearchAction","target":{"@type":"EntryPoint","urlTemplate":"https:\/\/www.g-c-s.com\/de\/?s={search_term_string}"},"query-input":{"@type":"PropertyValueSpecification","valueRequired":true,"valueName":"search_term_string"}}],"inLanguage":"de"},{"@type":"Organization","@id":"https:\/\/www.g-c-s.com\/de\/#organization","name":"Grid Connect Solutions","url":"https:\/\/www.g-c-s.com\/de\/","logo":{"@type":"ImageObject","inLanguage":"de","@id":"https:\/\/www.g-c-s.com\/de\/#\/schema\/logo\/image\/","url":"https:\/\/www.g-c-s.com\/wp-content\/uploads\/2024\/08\/logo-gcs.svg","contentUrl":"https:\/\/www.g-c-s.com\/wp-content\/uploads\/2024\/08\/logo-gcs.svg","width":88,"height":27,"caption":"Grid Connect Solutions"},"image":{"@id":"https:\/\/www.g-c-s.com\/de\/#\/schema\/logo\/image\/"}}]}},"taxonomy_info":[],"featured_image_src_large":false,"author_info":{"display_name":"bytegold","author_link":"https:\/\/www.g-c-s.com\/de\/author\/bytegold\/"},"comment_info":0,"_links":{"self":[{"href":"https:\/\/www.g-c-s.com\/de\/wp-json\/wp\/v2\/pages\/35","targetHints":{"allow":["GET"]}}],"collection":[{"href":"https:\/\/www.g-c-s.com\/de\/wp-json\/wp\/v2\/pages"}],"about":[{"href":"https:\/\/www.g-c-s.com\/de\/wp-json\/wp\/v2\/types\/page"}],"author":[{"embeddable":true,"href":"https:\/\/www.g-c-s.com\/de\/wp-json\/wp\/v2\/users\/1"}],"replies":[{"embeddable":true,"href":"https:\/\/www.g-c-s.com\/de\/wp-json\/wp\/v2\/comments?post=35"}],"version-history":[{"count":8,"href":"https:\/\/www.g-c-s.com\/de\/wp-json\/wp\/v2\/pages\/35\/revisions"}],"predecessor-version":[{"id":1201,"href":"https:\/\/www.g-c-s.com\/de\/wp-json\/wp\/v2\/pages\/35\/revisions\/1201"}],"wp:attachment":[{"href":"https:\/\/www.g-c-s.com\/de\/wp-json\/wp\/v2\/media?parent=35"}],"curies":[{"name":"wp","href":"https:\/\/api.w.org\/{rel}","templated":true}]}}