{"id":521,"date":"2024-10-14T14:34:03","date_gmt":"2024-10-14T12:34:03","guid":{"rendered":"https:\/\/www.g-c-s.com\/?page_id=521"},"modified":"2024-11-04T17:09:48","modified_gmt":"2024-11-04T16:09:48","slug":"ladeinfrastruktur","status":"publish","type":"page","link":"https:\/\/www.g-c-s.com\/de\/leistungen\/ladeinfrastruktur\/","title":{"rendered":"Ladeinfrastruktur"},"content":{"rendered":"<style>.wp-block-kadence-advancedheading.kt-adv-heading521_37fab0-05, .wp-block-kadence-advancedheading.kt-adv-heading521_37fab0-05[data-kb-block=\"kb-adv-heading521_37fab0-05\"]{max-width:1006px;margin-right:auto;margin-left:auto;text-align:center;font-size:var(--global-kb-font-size-md, 1.25rem);font-style:normal;}.wp-block-kadence-advancedheading.kt-adv-heading521_37fab0-05 mark.kt-highlight, .wp-block-kadence-advancedheading.kt-adv-heading521_37fab0-05[data-kb-block=\"kb-adv-heading521_37fab0-05\"] mark.kt-highlight{font-style:normal;color:#f76a0c;-webkit-box-decoration-break:clone;box-decoration-break:clone;padding-top:0px;padding-right:0px;padding-bottom:0px;padding-left:0px;}.wp-block-kadence-advancedheading.kt-adv-heading521_37fab0-05 img.kb-inline-image, .wp-block-kadence-advancedheading.kt-adv-heading521_37fab0-05[data-kb-block=\"kb-adv-heading521_37fab0-05\"] img.kb-inline-image{width:150px;vertical-align:baseline;}<\/style>\n<p class=\"kt-adv-heading521_37fab0-05 wp-block-kadence-advancedheading\" data-kb-block=\"kb-adv-heading521_37fab0-05\">Wir unterst\u00fctzen gerne bei der gesamten technischen Abwicklung von der Planung \u00fcber die fachgerechte Errichtung bis hin zur korrekten Installation und Inbetriebnahme Ihrer Huawei-Ladepark-Infrastruktur.<br>&nbsp;<br>Auf Wunsch k\u00fcmmern wir uns auch um das Lastmanagement Ihrer Huawei-Anlage, sodass die Ladeleistung intelligent verteilt wird.<\/p>\n\n\n\n<div style=\"height:80px\" aria-hidden=\"true\" class=\"wp-block-spacer\"><\/div>\n\n\n<style>.kb-row-layout-id521_06a32a-2a > .kt-row-column-wrap{align-content:start;}:where(.kb-row-layout-id521_06a32a-2a > .kt-row-column-wrap) > .wp-block-kadence-column{justify-content:start;}.kb-row-layout-id521_06a32a-2a > .kt-row-column-wrap{column-gap:var(--global-kb-gap-sm, 1rem);row-gap:var(--global-kb-gap-sm, 1rem);padding-top:var(--global-kb-spacing-sm, 1.5rem);padding-bottom:var(--global-kb-spacing-sm, 1.5rem);min-height:400px;grid-template-columns:repeat(2, minmax(0, 1fr));}.kb-row-layout-id521_06a32a-2a > .kt-row-layout-overlay{opacity:0.30;}@media all and (max-width: 1024px){.kb-row-layout-id521_06a32a-2a > .kt-row-column-wrap{grid-template-columns:repeat(2, minmax(0, 1fr));}}@media all and (max-width: 767px){.kb-row-layout-id521_06a32a-2a > .kt-row-column-wrap{min-height:250px;grid-template-columns:minmax(0, 1fr);}}<\/style><div class=\"kb-row-layout-wrap kb-row-layout-id521_06a32a-2a alignnone wp-block-kadence-rowlayout\"><div class=\"kt-row-column-wrap kt-has-2-columns kt-row-layout-equal kt-tab-layout-inherit kt-mobile-layout-row kt-row-valign-top kt-inner-column-height-full\">\n<style>.kadence-column521_bb7eee-0e > .kt-inside-inner-col{min-height:250px;}.kadence-column521_bb7eee-0e > .kt-inside-inner-col,.kadence-column521_bb7eee-0e > .kt-inside-inner-col:before{border-top-left-radius:10px;border-top-right-radius:10px;border-bottom-right-radius:10px;border-bottom-left-radius:10px;}.kadence-column521_bb7eee-0e > .kt-inside-inner-col{column-gap:var(--global-kb-gap-sm, 1rem);}.kadence-column521_bb7eee-0e > .kt-inside-inner-col{flex-direction:column;}.kadence-column521_bb7eee-0e > .kt-inside-inner-col > .aligncenter{width:100%;}.kadence-column521_bb7eee-0e > .kt-inside-inner-col{background-image:url('https:\/\/www.g-c-s.com\/wp-content\/uploads\/2024\/10\/ladeinfra_907106532_2560x1463.jpg');background-size:cover;background-position:center center;background-attachment:scroll;background-repeat:no-repeat;}.kadence-column521_bb7eee-0e > .kt-inside-inner-col:before{opacity:0.3;}.kadence-column521_bb7eee-0e{position:relative;}@media all and (max-width: 1024px){.kadence-column521_bb7eee-0e > .kt-inside-inner-col{flex-direction:column;justify-content:center;}}@media all and (max-width: 767px){.kadence-column521_bb7eee-0e > .kt-inside-inner-col{flex-direction:column;justify-content:center;}}<\/style>\n<div class=\"wp-block-kadence-column kadence-column521_bb7eee-0e\"><div class=\"kt-inside-inner-col\"><\/div><\/div>\n\n\n<style>.kadence-column521_c5c149-98 > .kt-inside-inner-col{padding-top:var(--global-kb-spacing-sm, 1.5rem);padding-right:var(--global-kb-spacing-sm, 1.5rem);padding-bottom:var(--global-kb-spacing-sm, 1.5rem);padding-left:var(--global-kb-spacing-sm, 1.5rem);}.kadence-column521_c5c149-98 > .kt-inside-inner-col,.kadence-column521_c5c149-98 > .kt-inside-inner-col:before{border-top-left-radius:10px;border-top-right-radius:10px;border-bottom-right-radius:10px;border-bottom-left-radius:10px;}.kadence-column521_c5c149-98 > .kt-inside-inner-col{column-gap:var(--global-kb-gap-sm, 1rem);}.kadence-column521_c5c149-98 > .kt-inside-inner-col{flex-direction:column;}.kadence-column521_c5c149-98 > .kt-inside-inner-col > .aligncenter{width:100%;}.kadence-column521_c5c149-98 > .kt-inside-inner-col{background-image:linear-gradient(180deg,var(--global-palette1) 0%,var(--global-palette2) 100%);}.kadence-column521_c5c149-98 > .kt-inside-inner-col:before{opacity:0.3;}.kadence-column521_c5c149-98, .kadence-column521_c5c149-98 h1, .kadence-column521_c5c149-98 h2, .kadence-column521_c5c149-98 h3, .kadence-column521_c5c149-98 h4, .kadence-column521_c5c149-98 h5, .kadence-column521_c5c149-98 h6{color:var(--global-palette9, #ffffff);}.kadence-column521_c5c149-98{position:relative;}@media all and (max-width: 1024px){.kadence-column521_c5c149-98 > .kt-inside-inner-col{flex-direction:column;justify-content:center;}}@media all and (max-width: 767px){.kadence-column521_c5c149-98 > .kt-inside-inner-col{flex-direction:column;justify-content:center;}}<\/style>\n<div class=\"wp-block-kadence-column kadence-column521_c5c149-98\"><div class=\"kt-inside-inner-col\"><style>.wp-block-kadence-advancedheading.kt-adv-heading521_955a27-38, .wp-block-kadence-advancedheading.kt-adv-heading521_955a27-38[data-kb-block=\"kb-adv-heading521_955a27-38\"]{text-align:left;font-style:normal;}.wp-block-kadence-advancedheading.kt-adv-heading521_955a27-38[data-kb-block=\"kb-adv-heading521_955a27-38\"]{display:flex;gap:0.25em;justify-content:left;align-items:center;}.wp-block-kadence-advancedheading.kt-adv-heading521_955a27-38[data-kb-block=\"kb-adv-heading521_955a27-38\"] .kb-adv-heading-icon svg{width:1em;height:1em;}.wp-block-kadence-advancedheading.kt-adv-heading521_955a27-38 mark.kt-highlight, .wp-block-kadence-advancedheading.kt-adv-heading521_955a27-38[data-kb-block=\"kb-adv-heading521_955a27-38\"] mark.kt-highlight{font-style:normal;color:#f76a0c;-webkit-box-decoration-break:clone;box-decoration-break:clone;padding-top:0px;padding-right:0px;padding-bottom:0px;padding-left:0px;}.wp-block-kadence-advancedheading.kt-adv-heading521_955a27-38 img.kb-inline-image, .wp-block-kadence-advancedheading.kt-adv-heading521_955a27-38[data-kb-block=\"kb-adv-heading521_955a27-38\"] img.kb-inline-image{width:150px;vertical-align:baseline;}<\/style><h2 class=\"kt-adv-heading521_955a27-38 wp-block-kadence-advancedheading kt-adv-heading-has-icon\" data-kb-block=\"kb-adv-heading521_955a27-38\"><span class=\"kb-svg-icon-wrap kb-adv-heading-icon kb-svg-icon-fe_checkCircle kb-adv-heading-icon-side-left\"><svg viewBox=\"0 0 24 24\"  fill=\"none\" stroke=\"currentColor\" stroke-width=\"2\" stroke-linecap=\"round\" stroke-linejoin=\"round\" xmlns=\"http:\/\/www.w3.org\/2000\/svg\"  aria-hidden=\"true\"><path d=\"M22 11.08V12a10 10 0 1 1-5.93-9.14\"\/><polyline points=\"22 4 12 14.01 9 11.01\"\/><\/svg><\/span><span class=\"kb-adv-text-inner\">Die Leistungen im \u00dcberblick<\/span><\/h2>\n\n\n<ul class=\"wp-block-list\">\n<li>Planung<\/li>\n\n\n\n<li>Anschluss<\/li>\n\n\n\n<li>Inbetriebnahme<\/li>\n\n\n\n<li>Lastmanagement<\/li>\n<\/ul>\n<\/div><\/div>\n\n<\/div><\/div>\n\n\n<div style=\"height:130px\" aria-hidden=\"true\" class=\"wp-block-spacer\"><\/div>\n\n\n<style>.kadence-column521_6986ce-3f > .kt-inside-inner-col,.kadence-column521_6986ce-3f > .kt-inside-inner-col:before{border-top-left-radius:0px;border-top-right-radius:0px;border-bottom-right-radius:0px;border-bottom-left-radius:0px;}.kadence-column521_6986ce-3f > .kt-inside-inner-col{column-gap:var(--global-kb-gap-sm, 1rem);}.kadence-column521_6986ce-3f > .kt-inside-inner-col{flex-direction:column;}.kadence-column521_6986ce-3f > .kt-inside-inner-col > .aligncenter{width:100%;}.kadence-column521_6986ce-3f > .kt-inside-inner-col:before{opacity:0.3;}.kadence-column521_6986ce-3f{position:relative;}.kadence-column521_6986ce-3f, .kt-inside-inner-col > .kadence-column521_6986ce-3f:not(.specificity){margin-top:var(--global-kb-spacing-3xl, 6.5rem);margin-bottom:var(--global-kb-spacing-3xl, 6.5rem);}@media all and (max-width: 1024px){.kadence-column521_6986ce-3f > .kt-inside-inner-col{flex-direction:column;justify-content:center;}}@media all and (max-width: 767px){.kadence-column521_6986ce-3f > .kt-inside-inner-col{display:flex;flex-direction:row;flex-wrap:wrap;justify-content:flex-start;align-items:center;}.kadence-column521_6986ce-3f > .kt-inside-inner-col > *, .kadence-column521_6986ce-3f > .kt-inside-inner-col > figure.wp-block-image, .kadence-column521_6986ce-3f > .kt-inside-inner-col > figure.wp-block-kadence-image{margin-top:0px;margin-bottom:0px;}.kadence-column521_6986ce-3f > .kt-inside-inner-col > .kb-image-is-ratio-size{flex-grow:1;}}<\/style>\n<div class=\"wp-block-kadence-column kadence-column521_6986ce-3f kb-section-sm-dir-horizontal\"><div class=\"kt-inside-inner-col\"><style>.wp-block-kadence-advancedheading.kt-adv-heading521_526a2f-6b, .wp-block-kadence-advancedheading.kt-adv-heading521_526a2f-6b[data-kb-block=\"kb-adv-heading521_526a2f-6b\"]{padding-right:var(--global-kb-spacing-5xl, 10rem);font-size:var(--global-kb-font-size-lg, 2rem);line-height:2.8rem;font-weight:700;font-style:normal;}.wp-block-kadence-advancedheading.kt-adv-heading521_526a2f-6b mark.kt-highlight, .wp-block-kadence-advancedheading.kt-adv-heading521_526a2f-6b[data-kb-block=\"kb-adv-heading521_526a2f-6b\"] mark.kt-highlight{font-style:normal;color:var(--global-palette9, #ffffff);background:var(--global-palette1, #3182CE);-webkit-box-decoration-break:clone;box-decoration-break:clone;padding-top:0rem;padding-right:1rem;padding-bottom:0rem;padding-left:1rem;}.wp-block-kadence-advancedheading.kt-adv-heading521_526a2f-6b img.kb-inline-image, .wp-block-kadence-advancedheading.kt-adv-heading521_526a2f-6b[data-kb-block=\"kb-adv-heading521_526a2f-6b\"] img.kb-inline-image{width:150px;vertical-align:baseline;}@media all and (max-width: 767px){.wp-block-kadence-advancedheading.kt-adv-heading521_526a2f-6b, .wp-block-kadence-advancedheading.kt-adv-heading521_526a2f-6b[data-kb-block=\"kb-adv-heading521_526a2f-6b\"]{padding-right:0px;font-size:24px;line-height:2.2rem;}}<\/style>\n<div class=\"kt-adv-heading521_526a2f-6b wp-block-kadence-advancedheading\" data-kb-block=\"kb-adv-heading521_526a2f-6b\" data-aos=\"fade-down\" data-aos-duration=\"1200\"><mark class=\"kt-highlight\">Sie errichten einen E-Ladepark und suchen einen zuverl\u00e4ssigen Partner f\u00fcr die elektrotechnische Ausf\u00fchrung?<\/mark><\/div>\n\n\n<style>.kadence-column521_2438bf-a3 > .kt-inside-inner-col{display:flex;}.kadence-column521_2438bf-a3 > .kt-inside-inner-col,.kadence-column521_2438bf-a3 > .kt-inside-inner-col:before{border-top-left-radius:0px;border-top-right-radius:0px;border-bottom-right-radius:0px;border-bottom-left-radius:0px;}.kadence-column521_2438bf-a3 > .kt-inside-inner-col{column-gap:var(--global-kb-gap-sm, 1rem);}.kadence-column521_2438bf-a3 > .kt-inside-inner-col{flex-direction:column;align-items:flex-end;}.kadence-column521_2438bf-a3 > .kt-inside-inner-col > .kb-image-is-ratio-size{align-self:stretch;}.kadence-column521_2438bf-a3 > .kt-inside-inner-col > .wp-block-kadence-advancedgallery{align-self:stretch;}.kadence-column521_2438bf-a3 > .kt-inside-inner-col > .aligncenter{width:100%;}.kadence-column521_2438bf-a3 > .kt-inside-inner-col:before{opacity:0.3;}.kadence-column521_2438bf-a3{position:relative;}@media all and (max-width: 1024px){.kadence-column521_2438bf-a3 > .kt-inside-inner-col{flex-direction:column;justify-content:center;align-items:flex-end;}}@media all and (max-width: 767px){.kadence-column521_2438bf-a3 > .kt-inside-inner-col{flex-direction:column;justify-content:center;align-items:flex-end;}}<\/style>\n<div class=\"wp-block-kadence-column kadence-column521_2438bf-a3\"><div class=\"kt-inside-inner-col\"><style>.wp-block-kadence-column.kb-section-dir-horizontal > .kt-inside-inner-col > .kt-info-box521_1af881-43 .kt-blocks-info-box-link-wrap{max-width:unset;}.kt-info-box521_1af881-43 .kt-blocks-info-box-link-wrap{border-top-left-radius:30px;border-top-right-radius:30px;border-bottom-right-radius:30px;border-bottom-left-radius:30px;background:rgba(255,255,255,0);padding-top:var(--global-kb-spacing-xs, 1rem);padding-right:var(--global-kb-spacing-xs, 1rem);padding-bottom:var(--global-kb-spacing-xs, 1rem);padding-left:var(--global-kb-spacing-xs, 1rem);}.kt-info-box521_1af881-43 .kadence-info-box-icon-container .kt-info-svg-icon, .kt-info-box521_1af881-43 .kt-info-svg-icon-flip, .kt-info-box521_1af881-43 .kt-blocks-info-box-number{font-size:100px;}.kt-info-box521_1af881-43 .kt-blocks-info-box-media{color:var(--global-palette1, #3182CE);border-top-width:0px;border-right-width:0px;border-bottom-width:0px;border-left-width:0px;padding-top:0px;padding-right:0px;padding-bottom:0px;padding-left:0px;margin-top:0px;margin-right:20px;margin-bottom:0px;margin-left:0px;}.kt-info-box521_1af881-43 .kt-blocks-info-box-link-wrap:hover .kt-blocks-info-box-media{color:var(--global-palette1, #3182CE);}.kt-info-box521_1af881-43 .kt-infobox-textcontent p.kt-blocks-info-box-title{color:var(--global-palette1, #3182CE);font-size:var(--global-kb-font-size-lg, 2rem);padding-top:0px;padding-right:0px;padding-bottom:0px;padding-left:0px;margin-top:5px;margin-right:0px;margin-bottom:10px;margin-left:0px;}.kt-info-box521_1af881-43 .kt-blocks-info-box-learnmore{background:transparent;border-color:var(--global-palette1, #3182CE);border-width:0px 0px 0px 0px;padding-top:4px;padding-right:8px;padding-bottom:4px;padding-left:8px;margin-top:10px;margin-right:0px;margin-bottom:10px;margin-left:0px;}<\/style>\n<div class=\"wp-block-kadence-infobox kt-info-box521_1af881-43\"><a class=\"kt-blocks-info-box-link-wrap info-box-link kt-blocks-info-box-media-align-left kt-info-halign-left\" href=\"https:\/\/www.g-c-s.com\/de\/kontakt\/\"><div class=\"kt-blocks-info-box-media-container\"><div class=\"kt-blocks-info-box-media kt-info-media-animate-flip\"><div class=\"kadence-info-box-icon-container kt-info-icon-animate-flip\"><div class=\"kadence-info-box-icon-inner-container\"><span class=\"kb-svg-icon-wrap kb-svg-icon-kb-custom-175 kt-info-svg-icon\"><svg viewBox=\"0 0 6.3500001 6.3499997\"  fill=\"currentColor\" xmlns=\"http:\/\/www.w3.org\/2000\/svg\"  aria-hidden=\"true\"><defs id=\"defs2\"\/><g id=\"layer1\" transform=\"matrix(0.02967539,0,0,0.02967539,-4.0260861,-4.779255)\"><path fill-rule=\"evenodd\" clip-rule=\"evenodd\" d=\"m 285.01441,215.82945 c 1.88023,-1.62977 4.92819,-1.62977 6.80843,0 14.03067,12.07256 43.75608,40.17799 57.83006,52.21274 -14.02157,12.08058 -43.85083,40.09514 -57.83006,52.2126 -1.88024,1.62982 -4.9282,1.62982 -6.80843,0 -1.88024,-1.62983 -1.88024,-4.27185 0,-5.90166 l 46.17206,-42.13758 H 140.48543 c -2.65898,0 -4.81456,-1.86855 -4.81456,-4.17335 0,-2.30479 2.15558,-4.17334 4.81456,-4.17334 h 190.70104 l -46.17206,-42.13741 c -1.88024,-1.62979 -1.88024,-4.27224 0,-5.902 z\" id=\"path184\"\/><\/g><\/svg><\/span><span class=\"kb-svg-icon-wrap kb-svg-icon-fas_comments kt-info-svg-icon-flip\"><svg viewBox=\"0 0 576 512\"  fill=\"currentColor\" xmlns=\"http:\/\/www.w3.org\/2000\/svg\"  aria-hidden=\"true\"><path d=\"M416 192c0-88.4-93.1-160-208-160S0 103.6 0 192c0 34.3 14.1 65.9 38 92-13.4 30.2-35.5 54.2-35.8 54.5-2.2 2.3-2.8 5.7-1.5 8.7S4.8 352 8 352c36.6 0 66.9-12.3 88.7-25 32.2 15.7 70.3 25 111.3 25 114.9 0 208-71.6 208-160zm122 220c23.9-26 38-57.7 38-92 0-66.9-53.5-124.2-129.3-148.1.9 6.6 1.3 13.3 1.3 20.1 0 105.9-107.7 192-240 192-10.8 0-21.3-.8-31.7-1.9C207.8 439.6 281.8 480 368 480c41 0 79.1-9.2 111.3-25 21.8 12.7 52.1 25 88.7 25 3.2 0 6.1-1.9 7.3-4.8 1.3-2.9.7-6.3-1.5-8.7-.3-.3-22.4-24.2-35.8-54.5z\"\/><\/svg><\/span><\/div><\/div><\/div><\/div><div class=\"kt-infobox-textcontent\"><p class=\"kt-blocks-info-box-title\">Melden Sie sich bei uns!<\/p><\/div><\/a><\/div>\n<\/div><\/div>\n<\/div><\/div>\n","protected":false},"excerpt":{"rendered":"<p>Wir unterst\u00fctzen gerne bei der gesamten technischen Abwicklung von der Planung \u00fcber die fachgerechte Errichtung bis hin zur korrekten Installation und Inbetriebnahme Ihrer Huawei-Ladepark-Infrastruktur.&nbsp;Auf Wunsch k\u00fcmmern wir uns auch um das Lastmanagement Ihrer Huawei-Anlage, sodass die Ladeleistung intelligent verteilt wird. Die Leistungen im \u00dcberblick Sie errichten einen E-Ladepark und suchen einen zuverl\u00e4ssigen Partner f\u00fcr die&#8230;<\/p>\n","protected":false},"author":5,"featured_media":0,"parent":25,"menu_order":0,"comment_status":"closed","ping_status":"closed","template":"","meta":{"_acf_changed":false,"inline_featured_image":false,"_kad_blocks_custom_css":"","_kad_blocks_head_custom_js":"","_kad_blocks_body_custom_js":"","_kad_blocks_footer_custom_js":"","_kad_post_transparent":"","_kad_post_title":"hide","_kad_post_layout":"","_kad_post_sidebar_id":"","_kad_post_content_style":"","_kad_post_vertical_padding":"bottom","_kad_post_feature":"","_kad_post_feature_position":"","_kad_post_header":false,"_kad_post_footer":false,"_kad_post_classname":"","footnotes":""},"class_list":["post-521","page","type-page","status-publish","hentry"],"acf":[],"yoast_head":"<!-- This site is optimized with the Yoast SEO plugin v27.5 - https:\/\/yoast.com\/product\/yoast-seo-wordpress\/ -->\n<title>Errichtung von Ladeinfrastruktur - g-c-s.com<\/title>\n<meta name=\"description\" content=\"Wir unterst\u00fctzen bei der gesamten technischen Abwicklung, von der Planung bis zur Inbetriebnahme Ihrer Ladeinfrastruktur.\" \/>\n<meta name=\"robots\" content=\"index, follow, max-snippet:-1, max-image-preview:large, max-video-preview:-1\" \/>\n<link rel=\"canonical\" href=\"https:\/\/www.g-c-s.com\/de\/leistungen\/ladeinfrastruktur\/\" \/>\n<meta property=\"og:locale\" content=\"de_DE\" \/>\n<meta property=\"og:type\" content=\"article\" \/>\n<meta property=\"og:title\" content=\"Errichtung von Ladeinfrastruktur - g-c-s.com\" \/>\n<meta property=\"og:description\" content=\"Wir unterst\u00fctzen bei der gesamten technischen Abwicklung, von der Planung bis zur Inbetriebnahme Ihrer Ladeinfrastruktur.\" \/>\n<meta property=\"og:url\" content=\"https:\/\/www.g-c-s.com\/de\/leistungen\/ladeinfrastruktur\/\" \/>\n<meta property=\"og:site_name\" content=\"g-c-s.com\" \/>\n<meta property=\"article:modified_time\" content=\"2024-11-04T16:09:48+00:00\" \/>\n<meta name=\"twitter:card\" content=\"summary_large_image\" \/>\n<meta name=\"twitter:label1\" content=\"Gesch\u00e4tzte Lesezeit\" \/>\n\t<meta name=\"twitter:data1\" content=\"1\u00a0Minute\" \/>\n<script type=\"application\/ld+json\" class=\"yoast-schema-graph\">{\"@context\":\"https:\\\/\\\/schema.org\",\"@graph\":[{\"@type\":\"WebPage\",\"@id\":\"https:\\\/\\\/www.g-c-s.com\\\/de\\\/leistungen\\\/ladeinfrastruktur\\\/\",\"url\":\"https:\\\/\\\/www.g-c-s.com\\\/de\\\/leistungen\\\/ladeinfrastruktur\\\/\",\"name\":\"Errichtung von Ladeinfrastruktur - g-c-s.com\",\"isPartOf\":{\"@id\":\"https:\\\/\\\/www.g-c-s.com\\\/de\\\/#website\"},\"datePublished\":\"2024-10-14T12:34:03+00:00\",\"dateModified\":\"2024-11-04T16:09:48+00:00\",\"description\":\"Wir unterst\u00fctzen bei der gesamten technischen Abwicklung, von der Planung bis zur Inbetriebnahme Ihrer Ladeinfrastruktur.\",\"breadcrumb\":{\"@id\":\"https:\\\/\\\/www.g-c-s.com\\\/de\\\/leistungen\\\/ladeinfrastruktur\\\/#breadcrumb\"},\"inLanguage\":\"de\",\"potentialAction\":[{\"@type\":\"ReadAction\",\"target\":[\"https:\\\/\\\/www.g-c-s.com\\\/de\\\/leistungen\\\/ladeinfrastruktur\\\/\"]}]},{\"@type\":\"BreadcrumbList\",\"@id\":\"https:\\\/\\\/www.g-c-s.com\\\/de\\\/leistungen\\\/ladeinfrastruktur\\\/#breadcrumb\",\"itemListElement\":[{\"@type\":\"ListItem\",\"position\":1,\"name\":\"Startseite\",\"item\":\"https:\\\/\\\/www.g-c-s.com\\\/de\\\/\"},{\"@type\":\"ListItem\",\"position\":2,\"name\":\"Leistungen\",\"item\":\"https:\\\/\\\/www.g-c-s.com\\\/de\\\/?page_id=25\"},{\"@type\":\"ListItem\",\"position\":3,\"name\":\"Ladeinfrastruktur\"}]},{\"@type\":\"WebSite\",\"@id\":\"https:\\\/\\\/www.g-c-s.com\\\/de\\\/#website\",\"url\":\"https:\\\/\\\/www.g-c-s.com\\\/de\\\/\",\"name\":\"g-c-s.com\",\"description\":\"\",\"publisher\":{\"@id\":\"https:\\\/\\\/www.g-c-s.com\\\/de\\\/#organization\"},\"potentialAction\":[{\"@type\":\"SearchAction\",\"target\":{\"@type\":\"EntryPoint\",\"urlTemplate\":\"https:\\\/\\\/www.g-c-s.com\\\/de\\\/?s={search_term_string}\"},\"query-input\":{\"@type\":\"PropertyValueSpecification\",\"valueRequired\":true,\"valueName\":\"search_term_string\"}}],\"inLanguage\":\"de\"},{\"@type\":\"Organization\",\"@id\":\"https:\\\/\\\/www.g-c-s.com\\\/de\\\/#organization\",\"name\":\"Grid Connect Solutions\",\"url\":\"https:\\\/\\\/www.g-c-s.com\\\/de\\\/\",\"logo\":{\"@type\":\"ImageObject\",\"inLanguage\":\"de\",\"@id\":\"https:\\\/\\\/www.g-c-s.com\\\/de\\\/#\\\/schema\\\/logo\\\/image\\\/\",\"url\":\"https:\\\/\\\/www.g-c-s.com\\\/wp-content\\\/uploads\\\/2024\\\/08\\\/logo-gcs.svg\",\"contentUrl\":\"https:\\\/\\\/www.g-c-s.com\\\/wp-content\\\/uploads\\\/2024\\\/08\\\/logo-gcs.svg\",\"width\":88,\"height\":27,\"caption\":\"Grid Connect Solutions\"},\"image\":{\"@id\":\"https:\\\/\\\/www.g-c-s.com\\\/de\\\/#\\\/schema\\\/logo\\\/image\\\/\"}}]}<\/script>\n<!-- \/ Yoast SEO plugin. -->","yoast_head_json":{"title":"Errichtung von Ladeinfrastruktur - g-c-s.com","description":"Wir unterst\u00fctzen bei der gesamten technischen Abwicklung, von der Planung bis zur Inbetriebnahme Ihrer Ladeinfrastruktur.","robots":{"index":"index","follow":"follow","max-snippet":"max-snippet:-1","max-image-preview":"max-image-preview:large","max-video-preview":"max-video-preview:-1"},"canonical":"https:\/\/www.g-c-s.com\/de\/leistungen\/ladeinfrastruktur\/","og_locale":"de_DE","og_type":"article","og_title":"Errichtung von Ladeinfrastruktur - g-c-s.com","og_description":"Wir unterst\u00fctzen bei der gesamten technischen Abwicklung, von der Planung bis zur Inbetriebnahme Ihrer Ladeinfrastruktur.","og_url":"https:\/\/www.g-c-s.com\/de\/leistungen\/ladeinfrastruktur\/","og_site_name":"g-c-s.com","article_modified_time":"2024-11-04T16:09:48+00:00","twitter_card":"summary_large_image","twitter_misc":{"Gesch\u00e4tzte Lesezeit":"1\u00a0Minute"},"schema":{"@context":"https:\/\/schema.org","@graph":[{"@type":"WebPage","@id":"https:\/\/www.g-c-s.com\/de\/leistungen\/ladeinfrastruktur\/","url":"https:\/\/www.g-c-s.com\/de\/leistungen\/ladeinfrastruktur\/","name":"Errichtung von Ladeinfrastruktur - g-c-s.com","isPartOf":{"@id":"https:\/\/www.g-c-s.com\/de\/#website"},"datePublished":"2024-10-14T12:34:03+00:00","dateModified":"2024-11-04T16:09:48+00:00","description":"Wir unterst\u00fctzen bei der gesamten technischen Abwicklung, von der Planung bis zur Inbetriebnahme Ihrer Ladeinfrastruktur.","breadcrumb":{"@id":"https:\/\/www.g-c-s.com\/de\/leistungen\/ladeinfrastruktur\/#breadcrumb"},"inLanguage":"de","potentialAction":[{"@type":"ReadAction","target":["https:\/\/www.g-c-s.com\/de\/leistungen\/ladeinfrastruktur\/"]}]},{"@type":"BreadcrumbList","@id":"https:\/\/www.g-c-s.com\/de\/leistungen\/ladeinfrastruktur\/#breadcrumb","itemListElement":[{"@type":"ListItem","position":1,"name":"Startseite","item":"https:\/\/www.g-c-s.com\/de\/"},{"@type":"ListItem","position":2,"name":"Leistungen","item":"https:\/\/www.g-c-s.com\/de\/?page_id=25"},{"@type":"ListItem","position":3,"name":"Ladeinfrastruktur"}]},{"@type":"WebSite","@id":"https:\/\/www.g-c-s.com\/de\/#website","url":"https:\/\/www.g-c-s.com\/de\/","name":"g-c-s.com","description":"","publisher":{"@id":"https:\/\/www.g-c-s.com\/de\/#organization"},"potentialAction":[{"@type":"SearchAction","target":{"@type":"EntryPoint","urlTemplate":"https:\/\/www.g-c-s.com\/de\/?s={search_term_string}"},"query-input":{"@type":"PropertyValueSpecification","valueRequired":true,"valueName":"search_term_string"}}],"inLanguage":"de"},{"@type":"Organization","@id":"https:\/\/www.g-c-s.com\/de\/#organization","name":"Grid Connect Solutions","url":"https:\/\/www.g-c-s.com\/de\/","logo":{"@type":"ImageObject","inLanguage":"de","@id":"https:\/\/www.g-c-s.com\/de\/#\/schema\/logo\/image\/","url":"https:\/\/www.g-c-s.com\/wp-content\/uploads\/2024\/08\/logo-gcs.svg","contentUrl":"https:\/\/www.g-c-s.com\/wp-content\/uploads\/2024\/08\/logo-gcs.svg","width":88,"height":27,"caption":"Grid Connect Solutions"},"image":{"@id":"https:\/\/www.g-c-s.com\/de\/#\/schema\/logo\/image\/"}}]}},"taxonomy_info":[],"featured_image_src_large":false,"author_info":{"display_name":"Nadine Danner","author_link":"https:\/\/www.g-c-s.com\/de\/author\/nadine-dannercreative-minds-com\/"},"comment_info":0,"_links":{"self":[{"href":"https:\/\/www.g-c-s.com\/de\/wp-json\/wp\/v2\/pages\/521","targetHints":{"allow":["GET"]}}],"collection":[{"href":"https:\/\/www.g-c-s.com\/de\/wp-json\/wp\/v2\/pages"}],"about":[{"href":"https:\/\/www.g-c-s.com\/de\/wp-json\/wp\/v2\/types\/page"}],"author":[{"embeddable":true,"href":"https:\/\/www.g-c-s.com\/de\/wp-json\/wp\/v2\/users\/5"}],"replies":[{"embeddable":true,"href":"https:\/\/www.g-c-s.com\/de\/wp-json\/wp\/v2\/comments?post=521"}],"version-history":[{"count":10,"href":"https:\/\/www.g-c-s.com\/de\/wp-json\/wp\/v2\/pages\/521\/revisions"}],"predecessor-version":[{"id":808,"href":"https:\/\/www.g-c-s.com\/de\/wp-json\/wp\/v2\/pages\/521\/revisions\/808"}],"up":[{"embeddable":true,"href":"https:\/\/www.g-c-s.com\/de\/wp-json\/wp\/v2\/pages\/25"}],"wp:attachment":[{"href":"https:\/\/www.g-c-s.com\/de\/wp-json\/wp\/v2\/media?parent=521"}],"curies":[{"name":"wp","href":"https:\/\/api.w.org\/{rel}","templated":true}]}}